{"id":152,"date":"2019-04-18T11:16:34","date_gmt":"2019-04-18T11:16:34","guid":{"rendered":"https:\/\/envothemes.com\/envo-ecommerce\/?page_id=53"},"modified":"2021-05-06T09:01:31","modified_gmt":"2021-05-06T07:01:31","slug":"about-us","status":"publish","type":"page","link":"https:\/\/www.spmodaelegant.sk\/","title":{"rendered":"SP M\u00d3DA Elegant"},"content":{"rendered":"\t\t<div data-elementor-type=\"wp-post\" data-elementor-id=\"152\" class=\"elementor elementor-152\">\n\t\t\t\t\t\t<section class=\"elementor-section elementor-top-section elementor-element elementor-element-9edaa5b elementor-section-boxed elementor-section-height-default elementor-section-height-default\" data-id=\"9edaa5b\" data-element_type=\"section\">\n\t\t\t\t\t\t<div class=\"elementor-container elementor-column-gap-default\">\n\t\t\t\t\t<div class=\"elementor-column elementor-col-100 elementor-top-column elementor-element elementor-element-b606f63\" data-id=\"b606f63\" data-element_type=\"column\">\n\t\t\t<div class=\"elementor-widget-wrap elementor-element-populated\">\n\t\t\t\t\t\t<div class=\"elementor-element elementor-element-e7e2e39 elementor-widget elementor-widget-image\" data-id=\"e7e2e39\" data-element_type=\"widget\" data-widget_type=\"image.default\">\n\t\t\t\t<div class=\"elementor-widget-container\">\n\t\t\t\t\t\t\t\t\t\t\t\t\t\t\t<img fetchpriority=\"high\" decoding=\"async\" width=\"925\" height=\"572\" src=\"https:\/\/www.spmodaelegant.sk\/wp-content\/uploads\/2020\/10\/1-1-1024x633.png\" class=\"attachment-large size-large wp-image-46\" alt=\"\" srcset=\"https:\/\/www.spmodaelegant.sk\/wp-content\/uploads\/2020\/10\/1-1-1024x633.png 1024w, https:\/\/www.spmodaelegant.sk\/wp-content\/uploads\/2020\/10\/1-1-600x371.png 600w, https:\/\/www.spmodaelegant.sk\/wp-content\/uploads\/2020\/10\/1-1-300x185.png 300w, https:\/\/www.spmodaelegant.sk\/wp-content\/uploads\/2020\/10\/1-1-768x475.png 768w, https:\/\/www.spmodaelegant.sk\/wp-content\/uploads\/2020\/10\/1-1-1536x949.png 1536w, https:\/\/www.spmodaelegant.sk\/wp-content\/uploads\/2020\/10\/1-1.png 1600w\" sizes=\"(max-width: 925px) 100vw, 925px\" \/>\t\t\t\t\t\t\t\t\t\t\t\t\t\t\t<\/div>\n\t\t\t\t<\/div>\n\t\t\t\t<div class=\"elementor-element elementor-element-1eb381b elementor-widget-divider--separator-type-pattern elementor-widget-divider--view-line elementor-widget elementor-widget-divider\" data-id=\"1eb381b\" data-element_type=\"widget\" data-widget_type=\"divider.default\">\n\t\t\t\t<div class=\"elementor-widget-container\">\n\t\t\t\t\t\t\t<div class=\"elementor-divider\" style=\"--divider-pattern-url: url(&quot;data:image\/svg+xml,%3Csvg xmlns=&#039;http:\/\/www.w3.org\/2000\/svg&#039; preserveAspectRatio=&#039;none&#039; overflow=&#039;visible&#039; height=&#039;100%&#039; viewBox=&#039;0 0 24 24&#039; fill=&#039;black&#039; stroke=&#039;none&#039;%3E%3Cpolygon points=&#039;9.4,2 24,2 14.6,21.6 0,21.6&#039;\/%3E%3C\/svg%3E&quot;);\">\n\t\t\t<span class=\"elementor-divider-separator\">\n\t\t\t\t\t\t<\/span>\n\t\t<\/div>\n\t\t\t\t\t\t<\/div>\n\t\t\t\t<\/div>\n\t\t\t\t\t<\/div>\n\t\t<\/div>\n\t\t\t\t\t<\/div>\n\t\t<\/section>\n\t\t\t\t<section class=\"elementor-section elementor-top-section elementor-element elementor-element-f782899 elementor-section-content-middle elementor-section-boxed elementor-section-height-default elementor-section-height-default\" data-id=\"f782899\" data-element_type=\"section\">\n\t\t\t\t\t\t<div class=\"elementor-container elementor-column-gap-wide\">\n\t\t\t\t\t\t<\/div>\n\t\t<\/section>\n\t\t\t\t<section class=\"elementor-section elementor-top-section elementor-element elementor-element-8f826a6 elementor-section-boxed elementor-section-height-default elementor-section-height-default\" data-id=\"8f826a6\" data-element_type=\"section\">\n\t\t\t\t\t\t<div class=\"elementor-container elementor-column-gap-default\">\n\t\t\t\t\t<div class=\"elementor-column elementor-col-50 elementor-top-column elementor-element elementor-element-7e9a922\" data-id=\"7e9a922\" data-element_type=\"column\">\n\t\t\t<div class=\"elementor-widget-wrap elementor-element-populated\">\n\t\t\t\t\t\t<div class=\"elementor-element elementor-element-965db4b elementor-widget elementor-widget-text-editor\" data-id=\"965db4b\" data-element_type=\"widget\" data-settings=\"{&quot;_animation&quot;:&quot;none&quot;}\" data-widget_type=\"text-editor.default\">\n\t\t\t\t<div class=\"elementor-widget-container\">\n\t\t\t\t\t\t\t\t\t<h5 style=\"text-align: center;\">D\u00e1mska konfekcia<\/h5><h5 style=\"text-align: center;\">Predaj\u0148a<br \/>Dubnica nad V\u00e1hom<\/h5><h5 style=\"text-align: center;\">N\u00e1mestie Matice Slovenskej 4260, 01841 Dubnica n\/V<\/h5><h5 style=\"text-align: center;\"><span style=\"color: #ff0000;\">t.\u010d.+421908492108<\/span><\/h5>\t\t\t\t\t\t\t\t<\/div>\n\t\t\t\t<\/div>\n\t\t\t\t\t<\/div>\n\t\t<\/div>\n\t\t\t\t<div class=\"elementor-column elementor-col-50 elementor-top-column elementor-element elementor-element-0d712bc\" data-id=\"0d712bc\" data-element_type=\"column\">\n\t\t\t<div class=\"elementor-widget-wrap elementor-element-populated\">\n\t\t\t\t\t\t<div class=\"elementor-element elementor-element-d7920e1 elementor-widget elementor-widget-image\" data-id=\"d7920e1\" data-element_type=\"widget\" data-widget_type=\"image.default\">\n\t\t\t\t<div class=\"elementor-widget-container\">\n\t\t\t\t\t\t\t\t\t\t\t\t\t\t\t<img decoding=\"async\" width=\"768\" height=\"432\" src=\"https:\/\/www.spmodaelegant.sk\/wp-content\/uploads\/2020\/10\/received_248345176487122-768x432.jpeg\" class=\"attachment-medium_large size-medium_large wp-image-216\" alt=\"\" srcset=\"https:\/\/www.spmodaelegant.sk\/wp-content\/uploads\/2020\/10\/received_248345176487122-768x432.jpeg 768w, https:\/\/www.spmodaelegant.sk\/wp-content\/uploads\/2020\/10\/received_248345176487122-300x169.jpeg 300w, https:\/\/www.spmodaelegant.sk\/wp-content\/uploads\/2020\/10\/received_248345176487122-107x60.jpeg 107w, https:\/\/www.spmodaelegant.sk\/wp-content\/uploads\/2020\/10\/received_248345176487122-600x338.jpeg 600w, https:\/\/www.spmodaelegant.sk\/wp-content\/uploads\/2020\/10\/received_248345176487122.jpeg 864w\" sizes=\"(max-width: 768px) 100vw, 768px\" \/>\t\t\t\t\t\t\t\t\t\t\t\t\t\t\t<\/div>\n\t\t\t\t<\/div>\n\t\t\t\t\t<\/div>\n\t\t<\/div>\n\t\t\t\t\t<\/div>\n\t\t<\/section>\n\t\t\t\t<section class=\"elementor-section elementor-top-section elementor-element elementor-element-f9e5719 elementor-section-boxed elementor-section-height-default elementor-section-height-default\" data-id=\"f9e5719\" data-element_type=\"section\">\n\t\t\t\t\t\t<div class=\"elementor-container elementor-column-gap-default\">\n\t\t\t\t\t<div class=\"elementor-column elementor-col-100 elementor-top-column elementor-element elementor-element-3adfdb2\" data-id=\"3adfdb2\" data-element_type=\"column\">\n\t\t\t<div class=\"elementor-widget-wrap elementor-element-populated\">\n\t\t\t\t\t\t<div class=\"elementor-element elementor-element-140f8ba elementor-widget elementor-widget-google_maps\" data-id=\"140f8ba\" data-element_type=\"widget\" data-widget_type=\"google_maps.default\">\n\t\t\t\t<div class=\"elementor-widget-container\">\n\t\t\t\t\t\t\t<div class=\"elementor-custom-embed\">\n\t\t\t<iframe loading=\"lazy\"\n\t\t\t\t\tsrc=\"https:\/\/maps.google.com\/maps?q=X55F%2BG8%20Dubnica%20nad%20V%C3%A1hom%2C%20Slovensko&#038;t=m&#038;z=16&#038;output=embed&#038;iwloc=near\"\n\t\t\t\t\ttitle=\"X55F+G8 Dubnica nad V\u00e1hom, Slovensko\"\n\t\t\t\t\taria-label=\"X55F+G8 Dubnica nad V\u00e1hom, Slovensko\"\n\t\t\t><\/iframe>\n\t\t<\/div>\n\t\t\t\t\t\t<\/div>\n\t\t\t\t<\/div>\n\t\t\t\t<div class=\"elementor-element elementor-element-13fdbe2 elementor-widget-divider--separator-type-pattern elementor-widget-divider--view-line elementor-widget elementor-widget-divider\" data-id=\"13fdbe2\" data-element_type=\"widget\" data-widget_type=\"divider.default\">\n\t\t\t\t<div class=\"elementor-widget-container\">\n\t\t\t\t\t\t\t<div class=\"elementor-divider\" style=\"--divider-pattern-url: url(&quot;data:image\/svg+xml,%3Csvg xmlns=&#039;http:\/\/www.w3.org\/2000\/svg&#039; preserveAspectRatio=&#039;none&#039; overflow=&#039;visible&#039; height=&#039;100%&#039; viewBox=&#039;0 0 24 24&#039; fill=&#039;black&#039; stroke=&#039;none&#039;%3E%3Cpolygon points=&#039;9.4,2 24,2 14.6,21.6 0,21.6&#039;\/%3E%3C\/svg%3E&quot;);\">\n\t\t\t<span class=\"elementor-divider-separator\">\n\t\t\t\t\t\t<\/span>\n\t\t<\/div>\n\t\t\t\t\t\t<\/div>\n\t\t\t\t<\/div>\n\t\t\t\t\t<\/div>\n\t\t<\/div>\n\t\t\t\t\t<\/div>\n\t\t<\/section>\n\t\t\t\t<section class=\"elementor-section elementor-top-section elementor-element elementor-element-0e84c4d elementor-section-boxed elementor-section-height-default elementor-section-height-default\" data-id=\"0e84c4d\" data-element_type=\"section\">\n\t\t\t\t\t\t<div class=\"elementor-container elementor-column-gap-default\">\n\t\t\t\t\t<div class=\"elementor-column elementor-col-50 elementor-top-column elementor-element elementor-element-2b291e4\" data-id=\"2b291e4\" data-element_type=\"column\">\n\t\t\t<div class=\"elementor-widget-wrap elementor-element-populated\">\n\t\t\t\t\t\t<div class=\"elementor-element elementor-element-7853eb2 elementor-widget elementor-widget-text-editor\" data-id=\"7853eb2\" data-element_type=\"widget\" data-settings=\"{&quot;_animation&quot;:&quot;none&quot;}\" data-widget_type=\"text-editor.default\">\n\t\t\t\t<div class=\"elementor-widget-container\">\n\t\t\t\t\t\t\t\t\t<h5 style=\"text-align: center;\">P\u00e1nska konfekcia<\/h5><h5 style=\"text-align: center;\">Predaj\u0148a<br \/>Dubnica nad V\u00e1hom<\/h5><h5 style=\"text-align: center;\">N\u00e1mestie Matice Slovenskej<\/h5><h5 style=\"text-align: center;\">4262, 01841 Dubnica n\/V<\/h5><h5 style=\"text-align: center;\"><span style=\"color: #ff0000;\">t.\u010d.+421918767077<\/span><\/h5>\t\t\t\t\t\t\t\t<\/div>\n\t\t\t\t<\/div>\n\t\t\t\t\t<\/div>\n\t\t<\/div>\n\t\t\t\t<div class=\"elementor-column elementor-col-50 elementor-top-column elementor-element elementor-element-b5cc559\" data-id=\"b5cc559\" data-element_type=\"column\">\n\t\t\t<div class=\"elementor-widget-wrap elementor-element-populated\">\n\t\t\t\t\t\t<div class=\"elementor-element elementor-element-b92a42c elementor-widget elementor-widget-image\" data-id=\"b92a42c\" data-element_type=\"widget\" data-widget_type=\"image.default\">\n\t\t\t\t<div class=\"elementor-widget-container\">\n\t\t\t\t\t\t\t\t\t\t\t\t\t\t\t<img decoding=\"async\" width=\"768\" height=\"768\" src=\"https:\/\/www.spmodaelegant.sk\/wp-content\/uploads\/2020\/11\/26804325_1607870122623018_4153278871439596916_n-768x768.jpg\" class=\"attachment-medium_large size-medium_large wp-image-272\" alt=\"\" srcset=\"https:\/\/www.spmodaelegant.sk\/wp-content\/uploads\/2020\/11\/26804325_1607870122623018_4153278871439596916_n-768x768.jpg 768w, https:\/\/www.spmodaelegant.sk\/wp-content\/uploads\/2020\/11\/26804325_1607870122623018_4153278871439596916_n-300x300.jpg 300w, https:\/\/www.spmodaelegant.sk\/wp-content\/uploads\/2020\/11\/26804325_1607870122623018_4153278871439596916_n-150x150.jpg 150w, https:\/\/www.spmodaelegant.sk\/wp-content\/uploads\/2020\/11\/26804325_1607870122623018_4153278871439596916_n-60x60.jpg 60w, https:\/\/www.spmodaelegant.sk\/wp-content\/uploads\/2020\/11\/26804325_1607870122623018_4153278871439596916_n-600x600.jpg 600w, https:\/\/www.spmodaelegant.sk\/wp-content\/uploads\/2020\/11\/26804325_1607870122623018_4153278871439596916_n.jpg 960w\" sizes=\"(max-width: 768px) 100vw, 768px\" \/>\t\t\t\t\t\t\t\t\t\t\t\t\t\t\t<\/div>\n\t\t\t\t<\/div>\n\t\t\t\t\t<\/div>\n\t\t<\/div>\n\t\t\t\t\t<\/div>\n\t\t<\/section>\n\t\t\t\t<section class=\"elementor-section elementor-top-section elementor-element elementor-element-1a01e67 elementor-section-boxed elementor-section-height-default elementor-section-height-default\" data-id=\"1a01e67\" data-element_type=\"section\">\n\t\t\t\t\t\t<div class=\"elementor-container elementor-column-gap-default\">\n\t\t\t\t\t<div class=\"elementor-column elementor-col-100 elementor-top-column elementor-element elementor-element-19bc685\" data-id=\"19bc685\" data-element_type=\"column\">\n\t\t\t<div class=\"elementor-widget-wrap elementor-element-populated\">\n\t\t\t\t\t\t<div class=\"elementor-element elementor-element-33f15a6 elementor-widget elementor-widget-google_maps\" data-id=\"33f15a6\" data-element_type=\"widget\" data-widget_type=\"google_maps.default\">\n\t\t\t\t<div class=\"elementor-widget-container\">\n\t\t\t\t\t\t\t<div class=\"elementor-custom-embed\">\n\t\t\t<iframe loading=\"lazy\"\n\t\t\t\t\tsrc=\"https:\/\/maps.google.com\/maps?q=X55F%2B66%20Dubnica%20nad%20V%C3%A1hom%2C%20Slovensko&#038;t=m&#038;z=16&#038;output=embed&#038;iwloc=near\"\n\t\t\t\t\ttitle=\"X55F+66 Dubnica nad V\u00e1hom, Slovensko\"\n\t\t\t\t\taria-label=\"X55F+66 Dubnica nad V\u00e1hom, Slovensko\"\n\t\t\t><\/iframe>\n\t\t<\/div>\n\t\t\t\t\t\t<\/div>\n\t\t\t\t<\/div>\n\t\t\t\t<div class=\"elementor-element elementor-element-15adbc4 elementor-widget-divider--separator-type-pattern elementor-widget-divider--view-line elementor-widget elementor-widget-divider\" data-id=\"15adbc4\" data-element_type=\"widget\" data-widget_type=\"divider.default\">\n\t\t\t\t<div class=\"elementor-widget-container\">\n\t\t\t\t\t\t\t<div class=\"elementor-divider\" style=\"--divider-pattern-url: url(&quot;data:image\/svg+xml,%3Csvg xmlns=&#039;http:\/\/www.w3.org\/2000\/svg&#039; preserveAspectRatio=&#039;none&#039; overflow=&#039;visible&#039; height=&#039;100%&#039; viewBox=&#039;0 0 24 24&#039; fill=&#039;black&#039; stroke=&#039;none&#039;%3E%3Cpolygon points=&#039;9.4,2 24,2 14.6,21.6 0,21.6&#039;\/%3E%3C\/svg%3E&quot;);\">\n\t\t\t<span class=\"elementor-divider-separator\">\n\t\t\t\t\t\t<\/span>\n\t\t<\/div>\n\t\t\t\t\t\t<\/div>\n\t\t\t\t<\/div>\n\t\t\t\t\t<\/div>\n\t\t<\/div>\n\t\t\t\t\t<\/div>\n\t\t<\/section>\n\t\t\t\t<section class=\"elementor-section elementor-top-section elementor-element elementor-element-951f8ad elementor-section-boxed elementor-section-height-default elementor-section-height-default\" data-id=\"951f8ad\" data-element_type=\"section\">\n\t\t\t\t\t\t<div class=\"elementor-container elementor-column-gap-default\">\n\t\t\t\t\t<div class=\"elementor-column elementor-col-50 elementor-top-column elementor-element elementor-element-37c1d1a\" data-id=\"37c1d1a\" data-element_type=\"column\">\n\t\t\t<div class=\"elementor-widget-wrap elementor-element-populated\">\n\t\t\t\t\t\t<div class=\"elementor-element elementor-element-6619a38 elementor-widget elementor-widget-text-editor\" data-id=\"6619a38\" data-element_type=\"widget\" data-settings=\"{&quot;_animation&quot;:&quot;none&quot;}\" data-widget_type=\"text-editor.default\">\n\t\t\t\t<div class=\"elementor-widget-container\">\n\t\t\t\t\t\t\t\t\t<h5 style=\"text-align: center;\">D\u00e1mska a p\u00e1nska konfekcia<\/h5><h5 style=\"text-align: center;\">Predaj\u0148a<br \/>Ilava<\/h5><h5 style=\"text-align: center;\">Moyzesova 862\/32, 01901, Ilava<\/h5><h5 style=\"text-align: center;\"><span style=\"color: #ff0000;\">t.\u010d.+421908797526<\/span><\/h5>\t\t\t\t\t\t\t\t<\/div>\n\t\t\t\t<\/div>\n\t\t\t\t\t<\/div>\n\t\t<\/div>\n\t\t\t\t<div class=\"elementor-column elementor-col-50 elementor-top-column elementor-element elementor-element-7b507e5\" data-id=\"7b507e5\" data-element_type=\"column\">\n\t\t\t<div class=\"elementor-widget-wrap elementor-element-populated\">\n\t\t\t\t\t\t<div class=\"elementor-element elementor-element-1174081 elementor-widget elementor-widget-image\" data-id=\"1174081\" data-element_type=\"widget\" data-widget_type=\"image.default\">\n\t\t\t\t<div class=\"elementor-widget-container\">\n\t\t\t\t\t\t\t\t\t\t\t\t\t\t\t<img loading=\"lazy\" decoding=\"async\" width=\"699\" height=\"460\" src=\"https:\/\/www.spmodaelegant.sk\/wp-content\/uploads\/2020\/11\/Snimka-obrazovky-2020-11-01-113319.png\" class=\"attachment-medium_large size-medium_large wp-image-275\" alt=\"\" srcset=\"https:\/\/www.spmodaelegant.sk\/wp-content\/uploads\/2020\/11\/Snimka-obrazovky-2020-11-01-113319.png 699w, https:\/\/www.spmodaelegant.sk\/wp-content\/uploads\/2020\/11\/Snimka-obrazovky-2020-11-01-113319-300x197.png 300w, https:\/\/www.spmodaelegant.sk\/wp-content\/uploads\/2020\/11\/Snimka-obrazovky-2020-11-01-113319-91x60.png 91w, https:\/\/www.spmodaelegant.sk\/wp-content\/uploads\/2020\/11\/Snimka-obrazovky-2020-11-01-113319-600x395.png 600w\" sizes=\"(max-width: 699px) 100vw, 699px\" \/>\t\t\t\t\t\t\t\t\t\t\t\t\t\t\t<\/div>\n\t\t\t\t<\/div>\n\t\t\t\t\t<\/div>\n\t\t<\/div>\n\t\t\t\t\t<\/div>\n\t\t<\/section>\n\t\t\t\t<section class=\"elementor-section elementor-top-section elementor-element elementor-element-81869da elementor-section-boxed elementor-section-height-default elementor-section-height-default\" data-id=\"81869da\" data-element_type=\"section\">\n\t\t\t\t\t\t<div class=\"elementor-container elementor-column-gap-default\">\n\t\t\t\t\t<div class=\"elementor-column elementor-col-100 elementor-top-column elementor-element elementor-element-0487fd2\" data-id=\"0487fd2\" data-element_type=\"column\">\n\t\t\t<div class=\"elementor-widget-wrap elementor-element-populated\">\n\t\t\t\t\t\t<div class=\"elementor-element elementor-element-f4af72e elementor-widget elementor-widget-google_maps\" data-id=\"f4af72e\" data-element_type=\"widget\" data-widget_type=\"google_maps.default\">\n\t\t\t\t<div class=\"elementor-widget-container\">\n\t\t\t\t\t\t\t<div class=\"elementor-custom-embed\">\n\t\t\t<iframe loading=\"lazy\"\n\t\t\t\t\tsrc=\"https:\/\/maps.google.com\/maps?q=SP%20M%C3%B3da%20Elegant%20&#038;t=m&#038;z=16&#038;output=embed&#038;iwloc=near\"\n\t\t\t\t\ttitle=\"SP M\u00f3da Elegant \"\n\t\t\t\t\taria-label=\"SP M\u00f3da Elegant \"\n\t\t\t><\/iframe>\n\t\t<\/div>\n\t\t\t\t\t\t<\/div>\n\t\t\t\t<\/div>\n\t\t\t\t<div class=\"elementor-element elementor-element-4aa6657 elementor-widget-divider--separator-type-pattern elementor-widget-divider--view-line elementor-widget elementor-widget-divider\" data-id=\"4aa6657\" data-element_type=\"widget\" data-widget_type=\"divider.default\">\n\t\t\t\t<div class=\"elementor-widget-container\">\n\t\t\t\t\t\t\t<div class=\"elementor-divider\" style=\"--divider-pattern-url: url(&quot;data:image\/svg+xml,%3Csvg xmlns=&#039;http:\/\/www.w3.org\/2000\/svg&#039; preserveAspectRatio=&#039;none&#039; overflow=&#039;visible&#039; height=&#039;100%&#039; viewBox=&#039;0 0 24 24&#039; fill=&#039;black&#039; stroke=&#039;none&#039;%3E%3Cpolygon points=&#039;9.4,2 24,2 14.6,21.6 0,21.6&#039;\/%3E%3C\/svg%3E&quot;);\">\n\t\t\t<span class=\"elementor-divider-separator\">\n\t\t\t\t\t\t<\/span>\n\t\t<\/div>\n\t\t\t\t\t\t<\/div>\n\t\t\t\t<\/div>\n\t\t\t\t\t<\/div>\n\t\t<\/div>\n\t\t\t\t\t<\/div>\n\t\t<\/section>\n\t\t\t\t<section class=\"elementor-section elementor-top-section elementor-element elementor-element-a9896ef elementor-section-boxed elementor-section-height-default elementor-section-height-default\" data-id=\"a9896ef\" data-element_type=\"section\">\n\t\t\t\t\t\t<div class=\"elementor-container elementor-column-gap-default\">\n\t\t\t\t\t<div class=\"elementor-column elementor-col-50 elementor-top-column elementor-element elementor-element-cf658df\" data-id=\"cf658df\" data-element_type=\"column\">\n\t\t\t<div class=\"elementor-widget-wrap elementor-element-populated\">\n\t\t\t\t\t\t<div class=\"elementor-element elementor-element-d1106b6 elementor-widget elementor-widget-text-editor\" data-id=\"d1106b6\" data-element_type=\"widget\" data-settings=\"{&quot;_animation&quot;:&quot;none&quot;}\" data-widget_type=\"text-editor.default\">\n\t\t\t\t<div class=\"elementor-widget-container\">\n\t\t\t\t\t\t\t\t\t<h5 style=\"text-align: center;\">D\u00e1mska a p\u00e1nska konfekcia<\/h5><h5 style=\"text-align: center;\">\u00a0Predaj\u0148a<\/h5><h5 style=\"text-align: center;\">Prievidza<\/h5><h5 style=\"text-align: center;\">\u00a0 \u00a0 \u00a0Obchodn\u00fd dom PRIOR\u00a0 \u00a0 \u00a0 \u00a0 \u00a01 Poschodie<\/h5><h5 style=\"text-align: center;\">N\u00e1mestie Slobody 1<\/h5><h5 style=\"text-align: center;\"><span style=\"color: #ff0000;\">t.\u010d.+421918288203<\/span><\/h5>\t\t\t\t\t\t\t\t<\/div>\n\t\t\t\t<\/div>\n\t\t\t\t\t<\/div>\n\t\t<\/div>\n\t\t\t\t<div class=\"elementor-column elementor-col-50 elementor-top-column elementor-element elementor-element-b089255\" data-id=\"b089255\" data-element_type=\"column\">\n\t\t\t<div class=\"elementor-widget-wrap elementor-element-populated\">\n\t\t\t\t\t\t<div class=\"elementor-element elementor-element-fe9b993 elementor-widget elementor-widget-image\" data-id=\"fe9b993\" data-element_type=\"widget\" data-widget_type=\"image.default\">\n\t\t\t\t<div class=\"elementor-widget-container\">\n\t\t\t\t\t\t\t\t\t\t\t\t\t\t\t<img loading=\"lazy\" decoding=\"async\" width=\"925\" height=\"528\" src=\"https:\/\/www.spmodaelegant.sk\/wp-content\/uploads\/2020\/11\/Snimka-obrazovky-2020-11-01-113910-1024x584.png\" class=\"attachment-large size-large wp-image-276\" alt=\"\" srcset=\"https:\/\/www.spmodaelegant.sk\/wp-content\/uploads\/2020\/11\/Snimka-obrazovky-2020-11-01-113910-1024x584.png 1024w, https:\/\/www.spmodaelegant.sk\/wp-content\/uploads\/2020\/11\/Snimka-obrazovky-2020-11-01-113910-300x171.png 300w, https:\/\/www.spmodaelegant.sk\/wp-content\/uploads\/2020\/11\/Snimka-obrazovky-2020-11-01-113910-768x438.png 768w, https:\/\/www.spmodaelegant.sk\/wp-content\/uploads\/2020\/11\/Snimka-obrazovky-2020-11-01-113910-105x60.png 105w, https:\/\/www.spmodaelegant.sk\/wp-content\/uploads\/2020\/11\/Snimka-obrazovky-2020-11-01-113910-600x342.png 600w, https:\/\/www.spmodaelegant.sk\/wp-content\/uploads\/2020\/11\/Snimka-obrazovky-2020-11-01-113910.png 1220w\" sizes=\"(max-width: 925px) 100vw, 925px\" \/>\t\t\t\t\t\t\t\t\t\t\t\t\t\t\t<\/div>\n\t\t\t\t<\/div>\n\t\t\t\t\t<\/div>\n\t\t<\/div>\n\t\t\t\t\t<\/div>\n\t\t<\/section>\n\t\t\t\t<section class=\"elementor-section elementor-top-section elementor-element elementor-element-3436d84 elementor-section-boxed elementor-section-height-default elementor-section-height-default\" data-id=\"3436d84\" data-element_type=\"section\">\n\t\t\t\t\t\t<div class=\"elementor-container elementor-column-gap-default\">\n\t\t\t\t\t<div class=\"elementor-column elementor-col-100 elementor-top-column elementor-element elementor-element-d9b922a\" data-id=\"d9b922a\" data-element_type=\"column\">\n\t\t\t<div class=\"elementor-widget-wrap elementor-element-populated\">\n\t\t\t\t\t\t<div class=\"elementor-element elementor-element-1dc447e elementor-widget elementor-widget-google_maps\" data-id=\"1dc447e\" data-element_type=\"widget\" data-widget_type=\"google_maps.default\">\n\t\t\t\t<div class=\"elementor-widget-container\">\n\t\t\t\t\t\t\t<div class=\"elementor-custom-embed\">\n\t\t\t<iframe loading=\"lazy\"\n\t\t\t\t\tsrc=\"https:\/\/maps.google.com\/maps?q=OD%20Prior%20Prievidza&#038;t=m&#038;z=16&#038;output=embed&#038;iwloc=near\"\n\t\t\t\t\ttitle=\"OD Prior Prievidza\"\n\t\t\t\t\taria-label=\"OD Prior Prievidza\"\n\t\t\t><\/iframe>\n\t\t<\/div>\n\t\t\t\t\t\t<\/div>\n\t\t\t\t<\/div>\n\t\t\t\t\t<\/div>\n\t\t<\/div>\n\t\t\t\t\t<\/div>\n\t\t<\/section>\n\t\t\t\t<\/div>\n\t\t","protected":false},"excerpt":{"rendered":"<p>D\u00e1mska konfekcia Predaj\u0148aDubnica nad V\u00e1hom N\u00e1mestie Matice Slovenskej 4260, 01841 Dubnica n\/V t.\u010d.+421908492108 P\u00e1nska konfekcia Predaj\u0148aDubnica nad V\u00e1hom N\u00e1mestie Matice Slovenskej 4262, 01841 Dubnica n\/V t.\u010d.+421918767077 D\u00e1mska a p\u00e1nska konfekcia Predaj\u0148aIlava Moyzesova 862\/32, 01901, Ilava t.\u010d.+421908797526 D\u00e1mska a p\u00e1nska konfekcia \u00a0Predaj\u0148a Prievidza \u00a0 \u00a0 \u00a0Obchodn\u00fd dom PRIOR\u00a0 \u00a0 \u00a0 \u00a0 \u00a01 Poschodie N\u00e1mestie Slobody 1 &hellip; <\/p>\n","protected":false},"author":1,"featured_media":0,"parent":0,"menu_order":0,"comment_status":"closed","ping_status":"closed","template":"","meta":{"footnotes":""},"class_list":["post-152","page","type-page","status-publish","hentry"],"jetpack_sharing_enabled":true,"_links":{"self":[{"href":"https:\/\/www.spmodaelegant.sk\/index.php?rest_route=\/wp\/v2\/pages\/152","targetHints":{"allow":["GET"]}}],"collection":[{"href":"https:\/\/www.spmodaelegant.sk\/index.php?rest_route=\/wp\/v2\/pages"}],"about":[{"href":"https:\/\/www.spmodaelegant.sk\/index.php?rest_route=\/wp\/v2\/types\/page"}],"author":[{"embeddable":true,"href":"https:\/\/www.spmodaelegant.sk\/index.php?rest_route=\/wp\/v2\/users\/1"}],"replies":[{"embeddable":true,"href":"https:\/\/www.spmodaelegant.sk\/index.php?rest_route=%2Fwp%2Fv2%2Fcomments&post=152"}],"version-history":[{"count":7,"href":"https:\/\/www.spmodaelegant.sk\/index.php?rest_route=\/wp\/v2\/pages\/152\/revisions"}],"predecessor-version":[{"id":433,"href":"https:\/\/www.spmodaelegant.sk\/index.php?rest_route=\/wp\/v2\/pages\/152\/revisions\/433"}],"wp:attachment":[{"href":"https:\/\/www.spmodaelegant.sk\/index.php?rest_route=%2Fwp%2Fv2%2Fmedia&parent=152"}],"curies":[{"name":"wp","href":"https:\/\/api.w.org\/{rel}","templated":true}]}}